{"id":22,"date":"2014-10-16T20:00:23","date_gmt":"2014-10-16T18:00:23","guid":{"rendered":"http:\/\/fitnessi.sp-kunde.de\/latavolata\/?page_id=22"},"modified":"2020-02-28T13:49:51","modified_gmt":"2020-02-28T11:49:51","slug":"kontakt","status":"publish","type":"page","link":"https:\/\/la-tavolata.ch\/?page_id=22","title":{"rendered":"KONTAKT"},"content":{"rendered":"<p>F\u00fcr Fragen, Vorschl\u00e4ge und andere Bemerkungen senden Sie uns bitte eine <a href=\"..\/..\/wp-content\/emailhandler\/email_handler.php\"> Nachricht.<\/a><\/p>\n<p>Wir freuen uns, von Ihnen zu h\u00f6ren, zu lesen oder Sie als Gast an einer der n\u00e4chsten La-Tavolata-Runden begr\u00fcssen zu d\u00fcrfen.<\/p>\n<p><strong>Adresse:<br \/>\n<\/strong>La-Tavolata<br \/>\nChrista Schroff und Peter Keller<br \/>\nBuchrain 61, Herrliberg<br \/>\nMobile: 079 200 09 03<\/p>\n<p>&nbsp;<\/p>\n<p><iframe loading=\"lazy\" src=\"https:\/\/www.google.com\/maps\/embed?pb=!1m18!1m12!1m3!1d2706.436024922968!2d8.625646315812636!3d47.28627821804339!2m3!1f0!2f0!3f0!3m2!1i1024!2i768!4f13.1!3m3!1m2!1s0x479aa5f0d2ba9773%3A0xdedf169feb8fcaf1!2sBuchenrain%2061%2C%208704%20Herrliberg!5e0!3m2!1sde!2sch!4v1582890565847!5m2!1sde!2sch\" width=\"600\" height=\"450\" frameborder=\"0\" style=\"border:0;\" allowfullscreen=\"\"><\/iframe><\/p>\n","protected":false},"excerpt":{"rendered":"<p>F\u00fcr Fragen, Vorschl\u00e4ge und andere Bemerkungen senden Sie uns bitte eine Nachricht. Wir freuen uns, von Ihnen zu h\u00f6ren, zu lesen oder Sie als Gast an einer der n\u00e4chsten La-Tavolata-Runden begr\u00fcssen zu d\u00fcrfen. Adresse: La-Tavolata Christa Schroff und Peter Keller Buchrain 61, Herrliberg Mobile: 079 200 09 03 &nbsp; <a class=\"continue-reading-link\" href=\"https:\/\/la-tavolata.ch\/?page_id=22\">Lesen Sie weiter&#8230;<\/a><\/p>\n","protected":false},"author":2,"featured_media":0,"parent":0,"menu_order":0,"comment_status":"closed","ping_status":"closed","template":"templates\/template-onecolumn.php","meta":[],"_links":{"self":[{"href":"https:\/\/la-tavolata.ch\/index.php?rest_route=\/wp\/v2\/pages\/22"}],"collection":[{"href":"https:\/\/la-tavolata.ch\/index.php?rest_route=\/wp\/v2\/pages"}],"about":[{"href":"https:\/\/la-tavolata.ch\/index.php?rest_route=\/wp\/v2\/types\/page"}],"author":[{"embeddable":true,"href":"https:\/\/la-tavolata.ch\/index.php?rest_route=\/wp\/v2\/users\/2"}],"replies":[{"embeddable":true,"href":"https:\/\/la-tavolata.ch\/index.php?rest_route=%2Fwp%2Fv2%2Fcomments&post=22"}],"version-history":[{"count":8,"href":"https:\/\/la-tavolata.ch\/index.php?rest_route=\/wp\/v2\/pages\/22\/revisions"}],"predecessor-version":[{"id":1636,"href":"https:\/\/la-tavolata.ch\/index.php?rest_route=\/wp\/v2\/pages\/22\/revisions\/1636"}],"wp:attachment":[{"href":"https:\/\/la-tavolata.ch\/index.php?rest_route=%2Fwp%2Fv2%2Fmedia&parent=22"}],"curies":[{"name":"wp","href":"https:\/\/api.w.org\/{rel}","templated":true}]}}