{"id":5,"date":"2014-10-16T19:11:18","date_gmt":"2014-10-16T17:11:18","guid":{"rendered":"http:\/\/fitnessi.sp-kunde.de\/latavolata\/?page_id=5"},"modified":"2020-10-15T13:41:29","modified_gmt":"2020-10-15T11:41:29","slug":"la-tavolata","status":"publish","type":"page","link":"https:\/\/la-tavolata.ch\/","title":{"rendered":"Verein LA-TAVOLATA"},"content":{"rendered":"<p><img loading=\"lazy\" class=\"alignnone wp-image-6\" src=\"http:\/\/fitnessi.sp-kunde.de\/latavolata\/wp-content\/uploads\/2014\/10\/top_bild.jpg\" alt=\"top_bild\" width=\"369\" height=\"186\" srcset=\"https:\/\/la-tavolata.ch\/wp-content\/uploads\/2014\/10\/top_bild.jpg 640w, https:\/\/la-tavolata.ch\/wp-content\/uploads\/2014\/10\/top_bild-300x151.jpg 300w, https:\/\/la-tavolata.ch\/wp-content\/uploads\/2014\/10\/top_bild-250x126.jpg 250w, https:\/\/la-tavolata.ch\/wp-content\/uploads\/2014\/10\/top_bild-150x75.jpg 150w\" sizes=\"(max-width: 369px) 100vw, 369px\" \/><\/p>\n<p>Eine feine Mahlzeit in angenehmer Gesellschaft ist immer wieder ein besonderes Vergn\u00fcgen. Sei es zu Hause oder in einem kulinarisch inspirierenden Restaurant.<\/p>\n<p>Kochen ist unsere Leidenschaft&#8230;\u00a0\u00a0 Wir kochen sehr gerne f\u00fcr uns selber, aber noch lieber bereiten wir k\u00f6stliche Leckerbissen f\u00fcr eine spannende G\u00e4sterunde zu. Diese Freude m\u00f6chten wir mit unseren Vereinsmitgliedern, Freunden, Bekannten und Ihnen teilen.<\/p>\n<p>In unregelm\u00e4ssigen Abst\u00e4nden bekochen wir bei uns in privatem Rahmen in Herrliberg eine Tavolata-Runde mit einem saisonal zusammengestellten 5 &#8211; 6 Gang \u00dcberraschungs-Men\u00fc.<\/p>\n<p>Die Tavolata-G\u00e4ste leisten einen Beitrag an die Kosten f\u00fcr Ap\u00e9ro (Champagner, Prosecco oder Weisswein) mit Ap\u00e9ro-H\u00e4ppchen, f\u00fcr das 5 &#8211; 6 Gang-Menu, Rot- und Weisswein, Mineralwasser, Kaffee und Digestif.<\/p>\n<p>M\u00f6chten Sie sich auf schmackhafte K\u00f6stlichkeiten in mehreren G\u00e4ngen freuen und dabei in ungezwungener Atmosph\u00e4re interessante Leute kennenlernen? Wenn Sie sich unter &#8222;Newsletter&#8220; eintragen, erhalten Sie regelm\u00e4ssig und v\u00f6llig unverbindlich Informationen \u00fcber die n\u00e4chste Tavolata.<\/p>\n<p>Bis bald? Gerne! Sehr gerne! Herzliche Gr\u00fcsse,<\/p>\n<p><img loading=\"lazy\" class=\"alignnone size-full wp-image-9\" src=\"http:\/\/fitnessi.sp-kunde.de\/latavolata\/wp-content\/uploads\/2014\/10\/donw_bild.jpg\" alt=\"donw_bild\" width=\"229\" height=\"199\" srcset=\"https:\/\/la-tavolata.ch\/wp-content\/uploads\/2014\/10\/donw_bild.jpg 229w, https:\/\/la-tavolata.ch\/wp-content\/uploads\/2014\/10\/donw_bild-172x150.jpg 172w, https:\/\/la-tavolata.ch\/wp-content\/uploads\/2014\/10\/donw_bild-150x130.jpg 150w\" sizes=\"(max-width: 229px) 100vw, 229px\" \/><\/p>\n<p>Die La-Tavolata-Gastgeber, Christa Schroff und Peter Keller<\/p>\n<p>\u00a0<\/p>\n<p>\u00a0<\/p>\n<p>\u00a0<\/p>\n<p>\u00a0<\/p>\n<p>\u00a0<\/p>\n<p>\u00a0<\/p>\n\n","protected":false},"excerpt":{"rendered":"<p>Eine feine Mahlzeit in angenehmer Gesellschaft ist immer wieder ein besonderes Vergn\u00fcgen. Sei es zu Hause oder in einem kulinarisch inspirierenden Restaurant. Kochen ist unsere Leidenschaft&#8230;\u00a0\u00a0 Wir kochen sehr gerne f\u00fcr uns selber, aber noch lieber bereiten wir k\u00f6stliche Leckerbissen f\u00fcr eine spannende G\u00e4sterunde zu. Diese Freude m\u00f6chten wir mit \u2026 <a class=\"continue-reading-link\" href=\"https:\/\/la-tavolata.ch\/\">Lesen Sie weiter&#8230;<\/a><\/p>\n","protected":false},"author":2,"featured_media":0,"parent":0,"menu_order":0,"comment_status":"closed","ping_status":"closed","template":"templates\/template-twocolumns-right.php","meta":[],"_links":{"self":[{"href":"https:\/\/la-tavolata.ch\/index.php?rest_route=\/wp\/v2\/pages\/5"}],"collection":[{"href":"https:\/\/la-tavolata.ch\/index.php?rest_route=\/wp\/v2\/pages"}],"about":[{"href":"https:\/\/la-tavolata.ch\/index.php?rest_route=\/wp\/v2\/types\/page"}],"author":[{"embeddable":true,"href":"https:\/\/la-tavolata.ch\/index.php?rest_route=\/wp\/v2\/users\/2"}],"replies":[{"embeddable":true,"href":"https:\/\/la-tavolata.ch\/index.php?rest_route=%2Fwp%2Fv2%2Fcomments&post=5"}],"version-history":[{"count":25,"href":"https:\/\/la-tavolata.ch\/index.php?rest_route=\/wp\/v2\/pages\/5\/revisions"}],"predecessor-version":[{"id":1669,"href":"https:\/\/la-tavolata.ch\/index.php?rest_route=\/wp\/v2\/pages\/5\/revisions\/1669"}],"wp:attachment":[{"href":"https:\/\/la-tavolata.ch\/index.php?rest_route=%2Fwp%2Fv2%2Fmedia&parent=5"}],"curies":[{"name":"wp","href":"https:\/\/api.w.org\/{rel}","templated":true}]}}